{"id":3666,"date":"2021-08-28T08:06:08","date_gmt":"2021-08-28T08:06:08","guid":{"rendered":"http:\/\/smakipolski.pl\/?page_id=3666"},"modified":"2021-08-28T08:06:09","modified_gmt":"2021-08-28T08:06:09","slug":"zrodla-opisow","status":"publish","type":"page","link":"https:\/\/smakipolski.pl\/?page_id=3666","title":{"rendered":"\u0179r\u00f3d\u0142a opis\u00f3w"},"content":{"rendered":"\n<p>Podstawowym \u017ar\u00f3d\u0142em opis\u00f3w wycieczek jest WIKIPEDIA (https:\/\/pl.wikipedia.org\/wiki\/). Opisy uzupe\u0142niamy naszymi informacjami, zebranymi w czasie wyciek. Wi\u0119kszo\u015b\u0107 zdj\u0119\u0107 to nasze prace, obj\u0119te prawami autorskimi i licencj\u0105 CC BY-SA 3.0. Czasami posi\u0142kujemy si\u0119 zdj\u0119ciami innych autor\u00f3w i w takim przypadku wyra\u017anie to zaznaczamy.<\/p>\n","protected":false},"excerpt":{"rendered":"<p>Podstawowym \u017ar\u00f3d\u0142em opis\u00f3w wycieczek jest WIKIPEDIA (https:\/\/pl.wikipedia.org\/wiki\/). Opisy uzupe\u0142niamy naszymi informacjami, zebranymi w czasie wyciek. Wi\u0119kszo\u015b\u0107 zdj\u0119\u0107 to nasze prace, obj\u0119te prawami autorskimi i licencj\u0105 CC BY-SA 3.0. Czasami posi\u0142kujemy si\u0119 zdj\u0119ciami innych autor\u00f3w i w takim przypadku wyra\u017anie to zaznaczamy.<\/p>\n","protected":false},"author":1,"featured_media":0,"parent":0,"menu_order":0,"comment_status":"closed","ping_status":"closed","template":"","meta":[],"_links":{"self":[{"href":"https:\/\/smakipolski.pl\/index.php?rest_route=\/wp\/v2\/pages\/3666"}],"collection":[{"href":"https:\/\/smakipolski.pl\/index.php?rest_route=\/wp\/v2\/pages"}],"about":[{"href":"https:\/\/smakipolski.pl\/index.php?rest_route=\/wp\/v2\/types\/page"}],"author":[{"embeddable":true,"href":"https:\/\/smakipolski.pl\/index.php?rest_route=\/wp\/v2\/users\/1"}],"replies":[{"embeddable":true,"href":"https:\/\/smakipolski.pl\/index.php?rest_route=%2Fwp%2Fv2%2Fcomments&post=3666"}],"version-history":[{"count":1,"href":"https:\/\/smakipolski.pl\/index.php?rest_route=\/wp\/v2\/pages\/3666\/revisions"}],"predecessor-version":[{"id":3667,"href":"https:\/\/smakipolski.pl\/index.php?rest_route=\/wp\/v2\/pages\/3666\/revisions\/3667"}],"wp:attachment":[{"href":"https:\/\/smakipolski.pl\/index.php?rest_route=%2Fwp%2Fv2%2Fmedia&parent=3666"}],"curies":[{"name":"wp","href":"https:\/\/api.w.org\/{rel}","templated":true}]}}